{"id":66,"date":"2024-01-01T18:31:06","date_gmt":"2024-01-01T17:31:06","guid":{"rendered":"https:\/\/xhsculpture.com\/?page_id=66"},"modified":"2025-11-21T18:19:09","modified_gmt":"2025-11-21T17:19:09","slug":"ma-bio","status":"publish","type":"page","link":"https:\/\/xhsculpture.com\/","title":{"rendered":"Bio"},"content":{"rendered":"\n<figure class=\"wp-block-image size-large\"><img decoding=\"async\" src=\"https:\/\/xhsculpture.com\/wp-content\/uploads\/2024\/01\/houdayer_2024-1-1024x277.jpg\" alt=\"\" class=\"wp-image-68\"\/><\/figure>\n\n\n\n<p>N\u00e9(e) en 1959<\/p>\n\n\n\n<p>Autodidacte, une diversit\u00e9 cr\u00e9ative m&rsquo;anime, toujours inspir\u00e9e par une d\u00e9marche introspective, presque c\u00e9r\u00e9brale .<\/p>\n\n\n\n<p>La f\u00e9minit\u00e9 est l&rsquo;une de mes sources d&rsquo;inspiration d&rsquo;o\u00f9 naissent les formes abstraites de mes sculptures, qui ne se r\u00e9duit pas \u00e0 ce sujet \u00e0 travers l&rsquo;expression des volumes et des mat\u00e9riaux utilis\u00e9s. Au pl\u00e2tre composite, j&rsquo;associe toutes techniques mixtes o\u00f9 se m\u00ealent le plexiglas, les composants \u00e9lectroniques et autres \u00e9l\u00e9ments de r\u00e9cup\u00e9ration.<\/p>\n\n\n\n<p><strong>EXPOSITIONS<\/strong>:<\/p>\n\n\n\n<p>Octobre \u2013 D\u00e9cembre 2002 Galerie EVERART, Paris XVII\u00e8me \u00ab Elle Boude \u00bb, Bronze<br>Du 14 au 23 Mars 2003 Salon des Artistes Ind\u00e9pendants, Paris, Espace Auteuil<br>Du 10 au 23 Octobre 2003 Galerie THUILLIER, Paris III\u00e8me<br>Du 15 D\u00e9cembre 2003 au 15 Mai 2004 Galerie ARTMONDIAL, Avignon<br>Du 2 au 13 Juin 2005Bronzes 2005, Prieur\u00e9 Saint Georges, La Chapelle en Serval,<br>Du 23 au 28 Novembre 2005 1er salon international des petits formats Centre culturel Christiane Peugeot,<br>Du 2 au 28 juillet 2007 Galerie Armonti 10-12 rue Bud\u00e9 Paris 4\u00e8me<br>Du 25 au 26 octobre 2008 Art Shopping au Carrousel du Louvre<br>Du 22 au 30 Novembre 2008 Art en capital au grand Palais<br>Du 07 au 15 mars 2009 17\u00e8me salon de printemps \u00e0 Courtry<br>Du 11 au 13 avril 2009 salon des artistes contemporains Honfleur<br>Du 06 au 07 juin 2009 Art Shopping au Carrousel du Louvre<br>Du 24 au 26 octobre 2009 Art Shopping au Carrousel du Louvre<br>Du 03 au 05 avril 2010 salon des artistes contemporains Honfleur<br>Du 18 au 20 juin 2010 Grand salon d\u2019art Abordable (La Bellevilloise)<br>Du 14 au 17 octobre 2010 Grand march\u00e9 d\u2019art contemporain Chatou (ile des impressionnistes)<br>Du 23 au 25 avril 2011 salon des artistes contemporains Honfleur<br>Du 29 Mai au 2 Juin 2014 GMAC Place Saint Sulpice Paris<\/p>\n\n\n\n<p>Du 7 &nbsp;au 17 Juillet 2016 Expo Concept Store &amp; Gallery Beaubourg (Club-ateliers-artistes)<\/p>\n\n\n\n<p>Du 26 Janvier au 21 Mars 2017 Expo Sortil\u00e8ges et enchantements du XXI\u00e8me si\u00e8cle Paris 20<sup>\u00e8me<\/sup><\/p>\n\n\n\n<p>Du 15 octobre au 15 d\u00e9cembre 2024, Art Hors les Murs BRY SUR MARNE chez Ver&rsquo;Optic.<\/p>\n\n\n\n<p>Du 5 au 19 d\u00e9cembre 2024, Salon d&rsquo;Automne Fontenay sous Bois<\/p>\n\n\n\n<p>Du 15 au 30 Mars 2025, Salon de Bry sur Marne H\u00f4tel de Malestroit Association des Artistes Briards<\/p>\n\n\n\n<p>Du 7 Mai au 2 Juin 2025,  Exposition collective au Centre des Bords de Marne Le Perreux sur Marne La Palette du Val de Marne<\/p>\n\n\n\n<p>Du 26 au 28 septembre 2025, Exposition sur un Plateau, au plateau d&rsquo;Avron \u00e0 l&rsquo;atelier 118, avenue des caves d&rsquo;Avron 93360 Neuilly Plaisance<\/p>\n\n\n\n<p>                                 <strong>Vente aux ench\u00e8res<\/strong>:<\/p>\n\n\n\n<p> sites Internet de Drouot et de l\u2019H\u00f4tel des Ventes de Lausanne<\/p>\n\n\n\n<p>De 2015 \u00e0 d\u00e9cembre 2023<\/p>\n\n\n\n<p class=\"has-text-align-center\"><strong>Expo METRO&nbsp;<\/strong>:<\/p>\n\n\n\n<p>Los Angeles 2022 du 18 au 25 juin 2022<\/p>\n\n\n\n<p>Miami Beach 2022 du 01 au 03 d\u00e9cembre 2022<\/p>\n\n\n\n<p>NewYork&nbsp; Time Square D\u00e9cembre 2023<\/p>\n\n\n\n<p>Amsterdam Juin 2024<\/p>\n\n\n\n<p class=\"has-text-align-center\"><br><strong>RECOMPENSES<\/strong>:<\/p>\n\n\n\n<p>Luxembourg Art Prize 2021, 2022, 2023<\/p>\n\n\n\n<p>1er Grand Prix International de Peinture et Sculpture, 3\/19 Juillet 2004, Festival d\u2019Avignon Mention Sp\u00e9ciale<\/p>\n\n\n\n<p class=\"has-text-align-center\"><strong>PARUTIONS<\/strong>&nbsp;:<\/p>\n\n\n\n<p>Annuaire Dictionnaire Drouot Cotation des Artistes 2006\u2026\u2026&#8230;\/2024,<\/p>\n\n\n\n<p>La Bible de la sculpture 2009<\/p>\n\n\n\n<p>Dictionnaire encyclop\u00e9dique d\u2019art moderne et contemporain 2010 (Italie)<\/p>\n\n\n\n<p><em>ARTFABETIC<\/em>, dictionnaire biographique des artistes plasticiens de France 2016.<br>                                              <strong>Presse<\/strong>:<\/p>\n\n\n\n<p>Les Temps d\u2019Arts, FRAP &#8211; R\u00e9gion PACA N\u00b015 Janvier 2004<br>Le Dauphin\u00e9 Lib\u00e9r\u00e9, Edition proven\u00e7ale Vaucluse Matin, 8 Mars 2004<br>Revue Arts Actualit\u00e9s, Sept.\/Oct. 2006, Rubrique \u00ab Le web des artistes \u00bb<br>Radio France, citation par l\u2019\u00e9crivain Beno\u00eet MONTENAT, Juin 2003&#8230;&#8230;&#8230;<\/p>\n","protected":false},"excerpt":{"rendered":"<p>N\u00e9(e) en 1959 Autodidacte, une diversit\u00e9 cr\u00e9ative m&rsquo;anime, toujours inspir\u00e9e par une d\u00e9marche introspective, presque c\u00e9r\u00e9brale . La f\u00e9minit\u00e9 est l&rsquo;une de mes sources d&rsquo;inspiration d&rsquo;o\u00f9 naissent les formes abstraites de mes sculptures, qui ne se r\u00e9duit pas \u00e0 ce sujet \u00e0 travers l&rsquo;expression des volumes et des mat\u00e9riaux utilis\u00e9s. Au pl\u00e2tre composite, j&rsquo;associe toutes&hellip; <a class=\"more-link\" href=\"https:\/\/xhsculpture.com\/\">Poursuivre la lecture <span class=\"screen-reader-text\">Bio<\/span><\/a><\/p>\n","protected":false},"author":1,"featured_media":0,"parent":0,"menu_order":0,"comment_status":"closed","ping_status":"closed","template":"","meta":{"footnotes":""},"class_list":["post-66","page","type-page","status-publish","hentry","entry"],"_links":{"self":[{"href":"https:\/\/xhsculpture.com\/index.php\/wp-json\/wp\/v2\/pages\/66","targetHints":{"allow":["GET"]}}],"collection":[{"href":"https:\/\/xhsculpture.com\/index.php\/wp-json\/wp\/v2\/pages"}],"about":[{"href":"https:\/\/xhsculpture.com\/index.php\/wp-json\/wp\/v2\/types\/page"}],"author":[{"embeddable":true,"href":"https:\/\/xhsculpture.com\/index.php\/wp-json\/wp\/v2\/users\/1"}],"replies":[{"embeddable":true,"href":"https:\/\/xhsculpture.com\/index.php\/wp-json\/wp\/v2\/comments?post=66"}],"version-history":[{"count":8,"href":"https:\/\/xhsculpture.com\/index.php\/wp-json\/wp\/v2\/pages\/66\/revisions"}],"predecessor-version":[{"id":765,"href":"https:\/\/xhsculpture.com\/index.php\/wp-json\/wp\/v2\/pages\/66\/revisions\/765"}],"wp:attachment":[{"href":"https:\/\/xhsculpture.com\/index.php\/wp-json\/wp\/v2\/media?parent=66"}],"curies":[{"name":"wp","href":"https:\/\/api.w.org\/{rel}","templated":true}]}}