{"id":359,"date":"2024-01-15T16:11:39","date_gmt":"2024-01-15T15:11:39","guid":{"rendered":"https:\/\/xhsculpture.com\/?page_id=359"},"modified":"2025-01-19T15:02:31","modified_gmt":"2025-01-19T14:02:31","slug":"expos-en-images","status":"publish","type":"page","link":"https:\/\/xhsculpture.com\/index.php\/expos-en-images\/","title":{"rendered":"EXPOS en IMAGES"},"content":{"rendered":"\n<ul class=\"wp-block-list\">\n<li>Galerie EVERART       <img fetchpriority=\"high\" decoding=\"async\" width=\"300\" height=\"225\" class=\"wp-image-317\" style=\"width: 300px;\" src=\"http:\/\/xhsculpture.com\/wp-content\/uploads\/2024\/01\/everarts3.jpg\" alt=\"\" srcset=\"https:\/\/xhsculpture.com\/wp-content\/uploads\/2024\/01\/everarts3.jpg 1280w, https:\/\/xhsculpture.com\/wp-content\/uploads\/2024\/01\/everarts3-300x225.jpg 300w, https:\/\/xhsculpture.com\/wp-content\/uploads\/2024\/01\/everarts3-1024x768.jpg 1024w, https:\/\/xhsculpture.com\/wp-content\/uploads\/2024\/01\/everarts3-768x576.jpg 768w\" sizes=\"(max-width: 300px) 100vw, 300px\" \/><\/li>\n\n\n\n<li>Galerie THUILLIER      <img decoding=\"async\" width=\"300\" height=\"225\" class=\"wp-image-406\" style=\"width: 300px;\" src=\"http:\/\/xhsculpture.com\/wp-content\/uploads\/2024\/01\/DSCN0243.jpg\" alt=\"\" srcset=\"https:\/\/xhsculpture.com\/wp-content\/uploads\/2024\/01\/DSCN0243.jpg 1600w, https:\/\/xhsculpture.com\/wp-content\/uploads\/2024\/01\/DSCN0243-300x225.jpg 300w, https:\/\/xhsculpture.com\/wp-content\/uploads\/2024\/01\/DSCN0243-1024x768.jpg 1024w, https:\/\/xhsculpture.com\/wp-content\/uploads\/2024\/01\/DSCN0243-768x576.jpg 768w, https:\/\/xhsculpture.com\/wp-content\/uploads\/2024\/01\/DSCN0243-1536x1152.jpg 1536w, https:\/\/xhsculpture.com\/wp-content\/uploads\/2024\/01\/DSCN0243-1568x1176.jpg 1568w\" sizes=\"(max-width: 300px) 100vw, 300px\" \/> <\/li>\n\n\n\n<li>Prieur\u00e9 St Georges     <img decoding=\"async\" width=\"300\" height=\"421\" class=\"wp-image-400\" style=\"width: 300px;\" src=\"http:\/\/xhsculpture.com\/wp-content\/uploads\/2024\/01\/Bronzes_2005.jpg\" alt=\"\" srcset=\"https:\/\/xhsculpture.com\/wp-content\/uploads\/2024\/01\/Bronzes_2005.jpg 656w, https:\/\/xhsculpture.com\/wp-content\/uploads\/2024\/01\/Bronzes_2005-214x300.jpg 214w\" sizes=\"(max-width: 300px) 100vw, 300px\" \/><\/li>\n\n\n\n<li>Galerie ARTMONTI     <img loading=\"lazy\" decoding=\"async\" width=\"300\" height=\"189\" class=\"wp-image-365\" style=\"width: 300px;\" src=\"http:\/\/xhsculpture.com\/wp-content\/uploads\/2024\/01\/expo.jpg\" alt=\"\" srcset=\"https:\/\/xhsculpture.com\/wp-content\/uploads\/2024\/01\/expo.jpg 2481w, https:\/\/xhsculpture.com\/wp-content\/uploads\/2024\/01\/expo-300x189.jpg 300w, https:\/\/xhsculpture.com\/wp-content\/uploads\/2024\/01\/expo-1024x645.jpg 1024w, https:\/\/xhsculpture.com\/wp-content\/uploads\/2024\/01\/expo-768x484.jpg 768w, https:\/\/xhsculpture.com\/wp-content\/uploads\/2024\/01\/expo-1536x968.jpg 1536w, https:\/\/xhsculpture.com\/wp-content\/uploads\/2024\/01\/expo-2048x1290.jpg 2048w, https:\/\/xhsculpture.com\/wp-content\/uploads\/2024\/01\/expo-1568x988.jpg 1568w\" sizes=\"(max-width: 300px) 100vw, 300px\" \/><\/li>\n\n\n\n<li>Art Shopping 2008        <img loading=\"lazy\" decoding=\"async\" width=\"280\" height=\"308\" class=\"wp-image-284\" style=\"width: 280px;\" src=\"http:\/\/xhsculpture.com\/wp-content\/uploads\/2024\/01\/SNC00028.jpg\" alt=\"\" srcset=\"https:\/\/xhsculpture.com\/wp-content\/uploads\/2024\/01\/SNC00028.jpg 456w, https:\/\/xhsculpture.com\/wp-content\/uploads\/2024\/01\/SNC00028-273x300.jpg 273w\" sizes=\"(max-width: 280px) 100vw, 280px\" \/><\/li>\n\n\n\n<li>Art en Capital Grand Palais 2008  <img loading=\"lazy\" decoding=\"async\" width=\"200\" height=\"150\" class=\"wp-image-411\" style=\"width: 200px;\" src=\"http:\/\/xhsculpture.com\/wp-content\/uploads\/2024\/01\/DSCN5296.jpg\" alt=\"\" srcset=\"https:\/\/xhsculpture.com\/wp-content\/uploads\/2024\/01\/DSCN5296.jpg 1600w, https:\/\/xhsculpture.com\/wp-content\/uploads\/2024\/01\/DSCN5296-300x225.jpg 300w, https:\/\/xhsculpture.com\/wp-content\/uploads\/2024\/01\/DSCN5296-1024x768.jpg 1024w, https:\/\/xhsculpture.com\/wp-content\/uploads\/2024\/01\/DSCN5296-768x576.jpg 768w, https:\/\/xhsculpture.com\/wp-content\/uploads\/2024\/01\/DSCN5296-1536x1152.jpg 1536w, https:\/\/xhsculpture.com\/wp-content\/uploads\/2024\/01\/DSCN5296-1568x1176.jpg 1568w\" sizes=\"(max-width: 200px) 100vw, 200px\" \/><\/li>\n\n\n\n<li>Artistes Contemporains Honfleur 2009 <img loading=\"lazy\" decoding=\"async\" width=\"150\" height=\"113\" class=\"wp-image-460\" style=\"width: 150px;\" src=\"http:\/\/xhsculpture.com\/wp-content\/uploads\/2024\/01\/SNC00211.jpg\" alt=\"\" srcset=\"https:\/\/xhsculpture.com\/wp-content\/uploads\/2024\/01\/SNC00211.jpg 2560w, https:\/\/xhsculpture.com\/wp-content\/uploads\/2024\/01\/SNC00211-300x225.jpg 300w, https:\/\/xhsculpture.com\/wp-content\/uploads\/2024\/01\/SNC00211-1024x768.jpg 1024w, https:\/\/xhsculpture.com\/wp-content\/uploads\/2024\/01\/SNC00211-768x576.jpg 768w, https:\/\/xhsculpture.com\/wp-content\/uploads\/2024\/01\/SNC00211-1536x1152.jpg 1536w, https:\/\/xhsculpture.com\/wp-content\/uploads\/2024\/01\/SNC00211-2048x1536.jpg 2048w, https:\/\/xhsculpture.com\/wp-content\/uploads\/2024\/01\/SNC00211-1568x1176.jpg 1568w\" sizes=\"(max-width: 150px) 100vw, 150px\" \/><\/li>\n\n\n\n<li>Art Shopping 2009 <img loading=\"lazy\" decoding=\"async\" width=\"150\" height=\"153\" class=\"wp-image-283\" style=\"width: 150px;\" src=\"http:\/\/xhsculpture.com\/wp-content\/uploads\/2024\/01\/6947-Logo-as_surjuin.jpg\" alt=\"\" srcset=\"https:\/\/xhsculpture.com\/wp-content\/uploads\/2024\/01\/6947-Logo-as_surjuin.jpg 802w, https:\/\/xhsculpture.com\/wp-content\/uploads\/2024\/01\/6947-Logo-as_surjuin-295x300.jpg 295w, https:\/\/xhsculpture.com\/wp-content\/uploads\/2024\/01\/6947-Logo-as_surjuin-768x781.jpg 768w\" sizes=\"(max-width: 150px) 100vw, 150px\" \/> <img loading=\"lazy\" decoding=\"async\" width=\"150\" height=\"153\" class=\"wp-image-285\" style=\"width: 150px;\" src=\"http:\/\/xhsculpture.com\/wp-content\/uploads\/2024\/01\/LOGO-AS_SURoct.jpg\" alt=\"\" srcset=\"https:\/\/xhsculpture.com\/wp-content\/uploads\/2024\/01\/LOGO-AS_SURoct.jpg 802w, https:\/\/xhsculpture.com\/wp-content\/uploads\/2024\/01\/LOGO-AS_SURoct-295x300.jpg 295w, https:\/\/xhsculpture.com\/wp-content\/uploads\/2024\/01\/LOGO-AS_SURoct-768x781.jpg 768w\" sizes=\"(max-width: 150px) 100vw, 150px\" \/><\/li>\n\n\n\n<li>Artistes Contemporains Honfleur 2010 <img loading=\"lazy\" decoding=\"async\" width=\"300\" height=\"133\" class=\"wp-image-367\" style=\"width: 300px;\" src=\"http:\/\/xhsculpture.com\/wp-content\/uploads\/2024\/01\/Honfleur2010-2.jpg\" alt=\"\" srcset=\"https:\/\/xhsculpture.com\/wp-content\/uploads\/2024\/01\/Honfleur2010-2.jpg 2550w, https:\/\/xhsculpture.com\/wp-content\/uploads\/2024\/01\/Honfleur2010-2-300x133.jpg 300w, https:\/\/xhsculpture.com\/wp-content\/uploads\/2024\/01\/Honfleur2010-2-1024x455.jpg 1024w, https:\/\/xhsculpture.com\/wp-content\/uploads\/2024\/01\/Honfleur2010-2-768x342.jpg 768w, https:\/\/xhsculpture.com\/wp-content\/uploads\/2024\/01\/Honfleur2010-2-1536x683.jpg 1536w, https:\/\/xhsculpture.com\/wp-content\/uploads\/2024\/01\/Honfleur2010-2-2048x911.jpg 2048w, https:\/\/xhsculpture.com\/wp-content\/uploads\/2024\/01\/Honfleur2010-2-1568x697.jpg 1568w\" sizes=\"(max-width: 300px) 100vw, 300px\" \/><\/li>\n\n\n\n<li>Grand Salon Art Abordable 2010 <img loading=\"lazy\" decoding=\"async\" width=\"200\" height=\"218\" class=\"wp-image-282\" style=\"width: 200px;\" src=\"http:\/\/xhsculpture.com\/wp-content\/uploads\/2024\/01\/LOGO-2010.bmp\" alt=\"\" srcset=\"https:\/\/xhsculpture.com\/wp-content\/uploads\/2024\/01\/LOGO-2010.bmp 673w, https:\/\/xhsculpture.com\/wp-content\/uploads\/2024\/01\/LOGO-2010-276x300.jpg 276w\" sizes=\"(max-width: 200px) 100vw, 200px\" \/><\/li>\n\n\n\n<li>Grand March\u00e9 d&rsquo;art Contemporain Chatou 2010<img loading=\"lazy\" decoding=\"async\" width=\"300\" height=\"111\" class=\"wp-image-281\" style=\"width: 300px;\" src=\"http:\/\/xhsculpture.com\/wp-content\/uploads\/2024\/01\/170-1.jpg\" alt=\"\" srcset=\"https:\/\/xhsculpture.com\/wp-content\/uploads\/2024\/01\/170-1.jpg 1001w, https:\/\/xhsculpture.com\/wp-content\/uploads\/2024\/01\/170-1-300x111.jpg 300w, https:\/\/xhsculpture.com\/wp-content\/uploads\/2024\/01\/170-1-768x283.jpg 768w\" sizes=\"(max-width: 300px) 100vw, 300px\" \/><\/li>\n\n\n\n<li>Artistes Contemporains Honfleur 2011 <img loading=\"lazy\" decoding=\"async\" width=\"150\" height=\"200\" class=\"wp-image-461\" style=\"width: 150px;\" src=\"http:\/\/xhsculpture.com\/wp-content\/uploads\/2024\/01\/SNC00220-rotated.jpg\" alt=\"\" srcset=\"https:\/\/xhsculpture.com\/wp-content\/uploads\/2024\/01\/SNC00220-rotated.jpg 1920w, https:\/\/xhsculpture.com\/wp-content\/uploads\/2024\/01\/SNC00220-225x300.jpg 225w, https:\/\/xhsculpture.com\/wp-content\/uploads\/2024\/01\/SNC00220-768x1024.jpg 768w, https:\/\/xhsculpture.com\/wp-content\/uploads\/2024\/01\/SNC00220-1152x1536.jpg 1152w, https:\/\/xhsculpture.com\/wp-content\/uploads\/2024\/01\/SNC00220-1536x2048.jpg 1536w, https:\/\/xhsculpture.com\/wp-content\/uploads\/2024\/01\/SNC00220-1568x2091.jpg 1568w\" sizes=\"(max-width: 150px) 100vw, 150px\" \/><\/li>\n\n\n\n<li>GMAC Place Saint Sulpice 2014 <img loading=\"lazy\" decoding=\"async\" width=\"250\" height=\"333\" class=\"wp-image-466\" style=\"width: 250px;\" src=\"http:\/\/xhsculpture.com\/wp-content\/uploads\/2024\/01\/20140529_133924-scaled.jpg\" alt=\"\" srcset=\"https:\/\/xhsculpture.com\/wp-content\/uploads\/2024\/01\/20140529_133924-scaled.jpg 1920w, https:\/\/xhsculpture.com\/wp-content\/uploads\/2024\/01\/20140529_133924-225x300.jpg 225w, https:\/\/xhsculpture.com\/wp-content\/uploads\/2024\/01\/20140529_133924-768x1024.jpg 768w, https:\/\/xhsculpture.com\/wp-content\/uploads\/2024\/01\/20140529_133924-1152x1536.jpg 1152w, https:\/\/xhsculpture.com\/wp-content\/uploads\/2024\/01\/20140529_133924-1536x2048.jpg 1536w, https:\/\/xhsculpture.com\/wp-content\/uploads\/2024\/01\/20140529_133924-1568x2091.jpg 1568w\" sizes=\"(max-width: 250px) 100vw, 250px\" \/><\/li>\n\n\n\n<li>Concept Store &amp; Gallery Beaubourg 2016 <img loading=\"lazy\" decoding=\"async\" width=\"150\" height=\"267\" class=\"wp-image-475\" style=\"width: 150px;\" src=\"http:\/\/xhsculpture.com\/wp-content\/uploads\/2024\/01\/20160707_195634-1-scaled.jpg\" alt=\"\" srcset=\"https:\/\/xhsculpture.com\/wp-content\/uploads\/2024\/01\/20160707_195634-1-scaled.jpg 1440w, https:\/\/xhsculpture.com\/wp-content\/uploads\/2024\/01\/20160707_195634-1-169x300.jpg 169w, https:\/\/xhsculpture.com\/wp-content\/uploads\/2024\/01\/20160707_195634-1-576x1024.jpg 576w, https:\/\/xhsculpture.com\/wp-content\/uploads\/2024\/01\/20160707_195634-1-768x1365.jpg 768w, https:\/\/xhsculpture.com\/wp-content\/uploads\/2024\/01\/20160707_195634-1-864x1536.jpg 864w, https:\/\/xhsculpture.com\/wp-content\/uploads\/2024\/01\/20160707_195634-1-1152x2048.jpg 1152w, https:\/\/xhsculpture.com\/wp-content\/uploads\/2024\/01\/20160707_195634-1-1568x2788.jpg 1568w\" sizes=\"(max-width: 150px) 100vw, 150px\" \/><\/li>\n\n\n\n<li>Expo Sortil\u00e8ges et Enchantements du XXI\u00e8me si\u00e8cle 2017 <img loading=\"lazy\" decoding=\"async\" width=\"200\" height=\"283\" class=\"wp-image-299\" style=\"width: 200px;\" src=\"http:\/\/xhsculpture.com\/wp-content\/uploads\/2024\/01\/EXPO-invitation.jpg\" alt=\"\" srcset=\"https:\/\/xhsculpture.com\/wp-content\/uploads\/2024\/01\/EXPO-invitation.jpg 595w, https:\/\/xhsculpture.com\/wp-content\/uploads\/2024\/01\/EXPO-invitation-212x300.jpg 212w\" sizes=\"(max-width: 200px) 100vw, 200px\" \/><\/li>\n\n\n\n<li>Expo Metro Los Angeles 2022 <img loading=\"lazy\" decoding=\"async\" width=\"250\" height=\"175\" class=\"wp-image-436\" style=\"width: 250px;\" src=\"http:\/\/xhsculpture.com\/wp-content\/uploads\/2024\/01\/lOSaNGELES2022.jpg\" alt=\"\" srcset=\"https:\/\/xhsculpture.com\/wp-content\/uploads\/2024\/01\/lOSaNGELES2022.jpg 1308w, https:\/\/xhsculpture.com\/wp-content\/uploads\/2024\/01\/lOSaNGELES2022-300x210.jpg 300w, https:\/\/xhsculpture.com\/wp-content\/uploads\/2024\/01\/lOSaNGELES2022-1024x716.jpg 1024w, https:\/\/xhsculpture.com\/wp-content\/uploads\/2024\/01\/lOSaNGELES2022-768x537.jpg 768w\" sizes=\"(max-width: 250px) 100vw, 250px\" \/><\/li>\n\n\n\n<li> Miami Beach 2022         <img loading=\"lazy\" decoding=\"async\" width=\"300\" height=\"175\" class=\"wp-image-439\" style=\"width: 300px;\" src=\"http:\/\/xhsculpture.com\/wp-content\/uploads\/2024\/01\/Affiche-N\u00b01-entiere.jpg\" alt=\"\" srcset=\"https:\/\/xhsculpture.com\/wp-content\/uploads\/2024\/01\/Affiche-N\u00b01-entiere.jpg 1337w, https:\/\/xhsculpture.com\/wp-content\/uploads\/2024\/01\/Affiche-N\u00b01-entiere-300x175.jpg 300w, https:\/\/xhsculpture.com\/wp-content\/uploads\/2024\/01\/Affiche-N\u00b01-entiere-1024x597.jpg 1024w, https:\/\/xhsculpture.com\/wp-content\/uploads\/2024\/01\/Affiche-N\u00b01-entiere-768x448.jpg 768w\" sizes=\"(max-width: 300px) 100vw, 300px\" \/><\/li>\n\n\n\n<li>New York Time Square 2023  <img loading=\"lazy\" decoding=\"async\" width=\"1000\" height=\"461\" class=\"wp-image-480\" style=\"width: 1000px;\" src=\"http:\/\/xhsculpture.com\/wp-content\/uploads\/2024\/01\/Capture1.jpg\" alt=\"\" srcset=\"https:\/\/xhsculpture.com\/wp-content\/uploads\/2024\/01\/Capture1.jpg 1561w, https:\/\/xhsculpture.com\/wp-content\/uploads\/2024\/01\/Capture1-300x138.jpg 300w, https:\/\/xhsculpture.com\/wp-content\/uploads\/2024\/01\/Capture1-1024x472.jpg 1024w, https:\/\/xhsculpture.com\/wp-content\/uploads\/2024\/01\/Capture1-768x354.jpg 768w, https:\/\/xhsculpture.com\/wp-content\/uploads\/2024\/01\/Capture1-1536x707.jpg 1536w\" sizes=\"(max-width: 1000px) 100vw, 1000px\" \/><\/li>\n\n\n\n<li>ARTBOXY 2023   <img loading=\"lazy\" decoding=\"async\" width=\"500\" height=\"352\" class=\"wp-image-440\" style=\"width: 500px;\" src=\"http:\/\/xhsculpture.com\/wp-content\/uploads\/2024\/01\/ARTBOXY_Dec2023.jpg\" alt=\"\" srcset=\"https:\/\/xhsculpture.com\/wp-content\/uploads\/2024\/01\/ARTBOXY_Dec2023.jpg 1279w, https:\/\/xhsculpture.com\/wp-content\/uploads\/2024\/01\/ARTBOXY_Dec2023-300x211.jpg 300w, https:\/\/xhsculpture.com\/wp-content\/uploads\/2024\/01\/ARTBOXY_Dec2023-1024x721.jpg 1024w, https:\/\/xhsculpture.com\/wp-content\/uploads\/2024\/01\/ARTBOXY_Dec2023-768x541.jpg 768w\" sizes=\"(max-width: 500px) 100vw, 500px\" \/><\/li>\n<\/ul>\n\n\n\n<h2 class=\"wp-block-heading\">Luxembourg Art Prize 2023<\/h2>\n\n\n\n<figure class=\"wp-block-image size-large\"><img loading=\"lazy\" decoding=\"async\" width=\"1024\" height=\"714\" src=\"http:\/\/xhsculpture.com\/wp-content\/uploads\/2024\/03\/Certificat-LAP-2023-1024x714.jpg\" alt=\"\" class=\"wp-image-566\" srcset=\"https:\/\/xhsculpture.com\/wp-content\/uploads\/2024\/03\/Certificat-LAP-2023-1024x714.jpg 1024w, https:\/\/xhsculpture.com\/wp-content\/uploads\/2024\/03\/Certificat-LAP-2023-300x209.jpg 300w, https:\/\/xhsculpture.com\/wp-content\/uploads\/2024\/03\/Certificat-LAP-2023-768x536.jpg 768w, https:\/\/xhsculpture.com\/wp-content\/uploads\/2024\/03\/Certificat-LAP-2023.jpg 1229w\" sizes=\"(max-width: 1024px) 100vw, 1024px\" \/><\/figure>\n\n\n\n<p>Art Hors les Murs BRY SUR MARNE <\/p>\n\n\n\n<div class=\"wp-block-cover\"><span aria-hidden=\"true\" class=\"wp-block-cover__background has-background-dim\"><\/span><img loading=\"lazy\" decoding=\"async\" width=\"1024\" height=\"835\" class=\"wp-block-cover__image-background wp-image-693\" alt=\"\" src=\"http:\/\/xhsculpture.com\/wp-content\/uploads\/2024\/12\/Clipped_image_20241201_190254-1024x835.png\" data-object-fit=\"cover\" srcset=\"https:\/\/xhsculpture.com\/wp-content\/uploads\/2024\/12\/Clipped_image_20241201_190254-1024x835.png 1024w, https:\/\/xhsculpture.com\/wp-content\/uploads\/2024\/12\/Clipped_image_20241201_190254-300x245.png 300w, https:\/\/xhsculpture.com\/wp-content\/uploads\/2024\/12\/Clipped_image_20241201_190254-768x626.png 768w, https:\/\/xhsculpture.com\/wp-content\/uploads\/2024\/12\/Clipped_image_20241201_190254.png 1277w\" sizes=\"(max-width: 1024px) 100vw, 1024px\" \/><div class=\"wp-block-cover__inner-container is-layout-flow wp-block-cover-is-layout-flow\">\n<p class=\"has-text-align-center has-large-font-size\"><\/p>\n<\/div><\/div>\n\n\n\n<p>Salon d&rsquo;Automne Fontenay sous Bois d\u00e9cembre 2024<\/p>\n\n\n\n<figure class=\"wp-block-image size-large is-resized\"><img loading=\"lazy\" decoding=\"async\" width=\"577\" height=\"1024\" src=\"http:\/\/xhsculpture.com\/wp-content\/uploads\/2024\/12\/20241206_085354-577x1024.jpg\" alt=\"\" class=\"wp-image-691\" style=\"width:550px;height:auto\" srcset=\"https:\/\/xhsculpture.com\/wp-content\/uploads\/2024\/12\/20241206_085354-577x1024.jpg 577w, https:\/\/xhsculpture.com\/wp-content\/uploads\/2024\/12\/20241206_085354-169x300.jpg 169w, https:\/\/xhsculpture.com\/wp-content\/uploads\/2024\/12\/20241206_085354-768x1364.jpg 768w, https:\/\/xhsculpture.com\/wp-content\/uploads\/2024\/12\/20241206_085354-865x1536.jpg 865w, https:\/\/xhsculpture.com\/wp-content\/uploads\/2024\/12\/20241206_085354-1153x2048.jpg 1153w, https:\/\/xhsculpture.com\/wp-content\/uploads\/2024\/12\/20241206_085354-1568x2785.jpg 1568w, https:\/\/xhsculpture.com\/wp-content\/uploads\/2024\/12\/20241206_085354-scaled.jpg 1441w\" sizes=\"(max-width: 577px) 100vw, 577px\" \/><\/figure>\n\n\n\n<figure class=\"wp-block-image size-large\"><img loading=\"lazy\" decoding=\"async\" width=\"577\" height=\"1024\" src=\"http:\/\/xhsculpture.com\/wp-content\/uploads\/2024\/12\/20241206_091939-577x1024.jpg\" alt=\"\" class=\"wp-image-690\" srcset=\"https:\/\/xhsculpture.com\/wp-content\/uploads\/2024\/12\/20241206_091939-577x1024.jpg 577w, https:\/\/xhsculpture.com\/wp-content\/uploads\/2024\/12\/20241206_091939-169x300.jpg 169w, https:\/\/xhsculpture.com\/wp-content\/uploads\/2024\/12\/20241206_091939-768x1364.jpg 768w, https:\/\/xhsculpture.com\/wp-content\/uploads\/2024\/12\/20241206_091939-865x1536.jpg 865w, https:\/\/xhsculpture.com\/wp-content\/uploads\/2024\/12\/20241206_091939-1153x2048.jpg 1153w, https:\/\/xhsculpture.com\/wp-content\/uploads\/2024\/12\/20241206_091939-1568x2785.jpg 1568w, https:\/\/xhsculpture.com\/wp-content\/uploads\/2024\/12\/20241206_091939-scaled.jpg 1441w\" sizes=\"(max-width: 577px) 100vw, 577px\" \/><\/figure>\n","protected":false},"excerpt":{"rendered":"<p>Luxembourg Art Prize 2023 Art Hors les Murs BRY SUR MARNE Salon d&rsquo;Automne Fontenay sous Bois d\u00e9cembre 2024<\/p>\n","protected":false},"author":1,"featured_media":0,"parent":0,"menu_order":0,"comment_status":"closed","ping_status":"closed","template":"","meta":{"footnotes":""},"class_list":["post-359","page","type-page","status-publish","hentry","entry"],"_links":{"self":[{"href":"https:\/\/xhsculpture.com\/index.php\/wp-json\/wp\/v2\/pages\/359","targetHints":{"allow":["GET"]}}],"collection":[{"href":"https:\/\/xhsculpture.com\/index.php\/wp-json\/wp\/v2\/pages"}],"about":[{"href":"https:\/\/xhsculpture.com\/index.php\/wp-json\/wp\/v2\/types\/page"}],"author":[{"embeddable":true,"href":"https:\/\/xhsculpture.com\/index.php\/wp-json\/wp\/v2\/users\/1"}],"replies":[{"embeddable":true,"href":"https:\/\/xhsculpture.com\/index.php\/wp-json\/wp\/v2\/comments?post=359"}],"version-history":[{"count":20,"href":"https:\/\/xhsculpture.com\/index.php\/wp-json\/wp\/v2\/pages\/359\/revisions"}],"predecessor-version":[{"id":763,"href":"https:\/\/xhsculpture.com\/index.php\/wp-json\/wp\/v2\/pages\/359\/revisions\/763"}],"wp:attachment":[{"href":"https:\/\/xhsculpture.com\/index.php\/wp-json\/wp\/v2\/media?parent=359"}],"curies":[{"name":"wp","href":"https:\/\/api.w.org\/{rel}","templated":true}]}}